{"id":263,"date":"2015-07-07T17:00:39","date_gmt":"2015-07-07T15:00:39","guid":{"rendered":"http:\/\/www.peporiol.com\/?page_id=263"},"modified":"2015-08-07T13:38:13","modified_gmt":"2015-08-07T11:38:13","slug":"documentals-2","status":"publish","type":"page","link":"http:\/\/www.peporiol.com\/?page_id=263","title":{"rendered":"DOCUMENTALS"},"content":{"rendered":"<p>La majoria dels documentals que he fet s\u00f3n de natura i per les col\u00b7leccions de l\u2019Editorial Planeta.<\/p>\n<p>&nbsp;<\/p>\n<p><strong>TEM\u00c0TICS<\/strong><\/p>\n<figure id=\"attachment_587\" aria-describedby=\"caption-attachment-587\" style=\"width: 982px\" class=\"wp-caption alignnone\"><a href=\"http:\/\/www.peporiol.com\/wp-content\/uploads\/slide_356872_3934281_free.jpg\"><img loading=\"lazy\" class=\"wp-image-587 size-full\" src=\"http:\/\/www.peporiol.com\/wp-content\/uploads\/slide_356872_3934281_free.jpg\" alt=\"slide_356872_3934281_free\" width=\"982\" height=\"655\" srcset=\"http:\/\/www.peporiol.com\/wp-content\/uploads\/slide_356872_3934281_free.jpg 982w, http:\/\/www.peporiol.com\/wp-content\/uploads\/slide_356872_3934281_free-300x200.jpg 300w\" sizes=\"(max-width: 982px) 100vw, 982px\" \/><\/a><figcaption id=\"caption-attachment-587\" class=\"wp-caption-text\">FOTO: ALBERGUE TURISMO RURAL ACTIO<\/figcaption><\/figure>\n<p>Sempre que he fet documentals ha estat per enc\u00e0rrec editorial i aquesta producci\u00f3 despr\u00e9s s\u2019ha utilitzat tamb\u00e9 per proveir de continguts els canals tem\u00e0tics de TV o les p\u00e0gines de viatges, enciclop\u00e8diques o de v\u00eddeo a la carta d\u2019Internet.<\/p>\n<p>&nbsp;<\/p>\n<p><strong>NATURA<\/strong><\/p>\n<figure id=\"attachment_589\" aria-describedby=\"caption-attachment-589\" style=\"width: 1024px\" class=\"wp-caption alignnone\"><a href=\"http:\/\/www.peporiol.com\/wp-content\/uploads\/IMG_0984b.jpg\"><img loading=\"lazy\" class=\"wp-image-589 size-large\" src=\"http:\/\/www.peporiol.com\/wp-content\/uploads\/IMG_0984b-1024x683.jpg\" alt=\"Jan Va\u0161ek\" width=\"1024\" height=\"683\" srcset=\"http:\/\/www.peporiol.com\/wp-content\/uploads\/IMG_0984b-1024x683.jpg 1024w, http:\/\/www.peporiol.com\/wp-content\/uploads\/IMG_0984b-300x200.jpg 300w, http:\/\/www.peporiol.com\/wp-content\/uploads\/IMG_0984b.jpg 1200w\" sizes=\"(max-width: 1024px) 100vw, 1024px\" \/><\/a><figcaption id=\"caption-attachment-589\" class=\"wp-caption-text\">FOTO: Jan Va\u0161ek<\/figcaption><\/figure>\n<p>En l\u2019\u00e8poca en que van proliferar les col\u00b7leccions en v\u00eddeo que es distribu\u00efen als quioscos, primer en VHS i despr\u00e9s en DVD, vaig col\u00b7laborar amb l\u2019Editorial Planeta intervenint en gaireb\u00e9 la totalitat de les col\u00b7leccions que s\u2019acompanyaven de v\u00eddeo. Alguns t\u00edtols provenien de la compra de drets i nom\u00e9s calia adaptar-los i doblar-los. Altres eren de producci\u00f3 pr\u00f2pia. Les m\u00e9s destacades s\u00f3n PARQUES NACIONALES DE ESPA\u00d1A i posteriorment PARQUES NACIONALES DEL MUNDO i PATRIMONIO ARQUITECT\u00d3NICO DE LA HUMANIDAD, destinades a canals tem\u00e0tics de TV i p\u00e0gines enciclop\u00e8diques o de viatges d\u2019Internet.<\/p>\n<p>&nbsp;<\/p>\n<p><strong>SOCIETAT<\/strong><\/p>\n<p><a href=\"http:\/\/www.peporiol.com\/wp-content\/uploads\/2007-14.jpg\"><img loading=\"lazy\" class=\"alignnone wp-image-282 size-large\" src=\"http:\/\/www.peporiol.com\/wp-content\/uploads\/2007-14-1024x680.jpg\" alt=\"2007-14\" width=\"1024\" height=\"680\" srcset=\"http:\/\/www.peporiol.com\/wp-content\/uploads\/2007-14-1024x680.jpg 1024w, http:\/\/www.peporiol.com\/wp-content\/uploads\/2007-14-300x199.jpg 300w, http:\/\/www.peporiol.com\/wp-content\/uploads\/2007-14-676x449.jpg 676w\" sizes=\"(max-width: 1024px) 100vw, 1024px\" \/><\/a><\/p>\n<p>L\u2019\u00e0mbit social tamb\u00e9 ha estat mat\u00e8ria de les produccions que he fet: A STEEP TO HEAVEN, \u00e9s un documental sobre la vida en un campament de refugiats a l\u2019\u00c0frica i la s\u00e8rie FIESTAS DE ESPA\u00d1A, d\u2019Agrupaci\u00f3n Editorial, on apareixen un centenar de les festes m\u00e9s significatives d\u2019Espanya, anava destinada tamb\u00e9 a canals tem\u00e0tics i Internet. Tamb\u00e9 he dirigit un documental sobre l\u2019Aquelarre de Cervera encarregat per Televisi\u00f3 Espanyola.<\/p>\n","protected":false},"excerpt":{"rendered":"<p>La majoria dels documentals que he fet s\u00f3n de natura i per les col\u00b7leccions de l\u2019Editorial Planeta. &nbsp; TEM\u00c0TICS Sempre que he fet documentals ha estat per enc\u00e0rrec editorial i aquesta producci\u00f3 despr\u00e9s s\u2019ha utilitzat tamb\u00e9 per proveir de continguts els canals tem\u00e0tics de TV o les p\u00e0gines de viatges, [&hellip;]<\/p>\n","protected":false},"author":2,"featured_media":0,"parent":134,"menu_order":9,"comment_status":"closed","ping_status":"closed","template":"","meta":[],"_links":{"self":[{"href":"http:\/\/www.peporiol.com\/index.php?rest_route=\/wp\/v2\/pages\/263"}],"collection":[{"href":"http:\/\/www.peporiol.com\/index.php?rest_route=\/wp\/v2\/pages"}],"about":[{"href":"http:\/\/www.peporiol.com\/index.php?rest_route=\/wp\/v2\/types\/page"}],"author":[{"embeddable":true,"href":"http:\/\/www.peporiol.com\/index.php?rest_route=\/wp\/v2\/users\/2"}],"replies":[{"embeddable":true,"href":"http:\/\/www.peporiol.com\/index.php?rest_route=%2Fwp%2Fv2%2Fcomments&post=263"}],"version-history":[{"count":28,"href":"http:\/\/www.peporiol.com\/index.php?rest_route=\/wp\/v2\/pages\/263\/revisions"}],"predecessor-version":[{"id":1422,"href":"http:\/\/www.peporiol.com\/index.php?rest_route=\/wp\/v2\/pages\/263\/revisions\/1422"}],"up":[{"embeddable":true,"href":"http:\/\/www.peporiol.com\/index.php?rest_route=\/wp\/v2\/pages\/134"}],"wp:attachment":[{"href":"http:\/\/www.peporiol.com\/index.php?rest_route=%2Fwp%2Fv2%2Fmedia&parent=263"}],"curies":[{"name":"wp","href":"https:\/\/api.w.org\/{rel}","templated":true}]}}