{"id":305,"date":"2015-07-07T20:44:37","date_gmt":"2015-07-07T18:44:37","guid":{"rendered":"http:\/\/www.peporiol.com\/?page_id=305"},"modified":"2019-01-21T19:11:54","modified_gmt":"2019-01-21T18:11:54","slug":"animacio","status":"publish","type":"page","link":"http:\/\/www.peporiol.com\/?page_id=305","title":{"rendered":"ANIMACI\u00d3"},"content":{"rendered":"<p>En l\u2019\u00e0mbit de l\u2019animaci\u00f3 he treballat en formats diversos. Darrerament les cap\u00e7aleres del SOM CINEMA i una pel\u00b7l\u00edcula per a la Paeria de Lleida, tamb\u00e9 he participat en les diverses enciclop\u00e8dies (que es poden veure en l\u2019apartat multim\u00e8dia) produint paquets d\u2019animaci\u00f3 tecnol\u00f2gica o de simulaci\u00f3\u00a0i\u00a0he intervingut en <em>teasers<\/em>\u00a0destinats a suports diferents i que s\u00f3n els\u00a0que apareixen en aquestes p\u00e0gines perqu\u00e8 els\u00a0considero prou\u00a0interessants.<\/p>\n","protected":false},"excerpt":{"rendered":"<p>En l\u2019\u00e0mbit de l\u2019animaci\u00f3 he treballat en formats diversos. Darrerament les cap\u00e7aleres del SOM CINEMA i una pel\u00b7l\u00edcula per a la Paeria de Lleida, tamb\u00e9 he participat en les diverses enciclop\u00e8dies (que es poden veure en l\u2019apartat multim\u00e8dia) produint paquets d\u2019animaci\u00f3 tecnol\u00f2gica o de simulaci\u00f3\u00a0i\u00a0he intervingut en teasers\u00a0destinats a suports [&hellip;]<\/p>\n","protected":false},"author":2,"featured_media":499,"parent":134,"menu_order":4,"comment_status":"closed","ping_status":"closed","template":"","meta":[],"_links":{"self":[{"href":"http:\/\/www.peporiol.com\/index.php?rest_route=\/wp\/v2\/pages\/305"}],"collection":[{"href":"http:\/\/www.peporiol.com\/index.php?rest_route=\/wp\/v2\/pages"}],"about":[{"href":"http:\/\/www.peporiol.com\/index.php?rest_route=\/wp\/v2\/types\/page"}],"author":[{"embeddable":true,"href":"http:\/\/www.peporiol.com\/index.php?rest_route=\/wp\/v2\/users\/2"}],"replies":[{"embeddable":true,"href":"http:\/\/www.peporiol.com\/index.php?rest_route=%2Fwp%2Fv2%2Fcomments&post=305"}],"version-history":[{"count":3,"href":"http:\/\/www.peporiol.com\/index.php?rest_route=\/wp\/v2\/pages\/305\/revisions"}],"predecessor-version":[{"id":1671,"href":"http:\/\/www.peporiol.com\/index.php?rest_route=\/wp\/v2\/pages\/305\/revisions\/1671"}],"up":[{"embeddable":true,"href":"http:\/\/www.peporiol.com\/index.php?rest_route=\/wp\/v2\/pages\/134"}],"wp:featuredmedia":[{"embeddable":true,"href":"http:\/\/www.peporiol.com\/index.php?rest_route=\/wp\/v2\/media\/499"}],"wp:attachment":[{"href":"http:\/\/www.peporiol.com\/index.php?rest_route=%2Fwp%2Fv2%2Fmedia&parent=305"}],"curies":[{"name":"wp","href":"https:\/\/api.w.org\/{rel}","templated":true}]}}