{"id":352,"date":"2015-07-07T22:22:01","date_gmt":"2015-07-07T20:22:01","guid":{"rendered":"http:\/\/www.peporiol.com\/?page_id=352"},"modified":"2023-09-21T13:36:33","modified_gmt":"2023-09-21T11:36:33","slug":"video","status":"publish","type":"page","link":"http:\/\/www.peporiol.com\/?page_id=352","title":{"rendered":"V\u00cdDEO"},"content":{"rendered":"<p>En v\u00eddeo he fet gaireb\u00e9 de tot: vaig comen\u00e7ar en el terreny industrial fent treballs per empreses com&nbsp; BAYER, FESTO, JAEGER, GENERALITAT DE CATALUNYA, SOLEX, MARPOSS, FERRER INTERNACIONAL, AYUNTAMIENTO DE SAN SEBASTIAN, VICEVERSA\/LEACRIL, BANCO ATLANTICO, EDITORIAL PLANETA, HISPACOP, SANOFI, M&amp;E FLAMINGO, LA VANGUARDIA, EL MUNDO DEPORTIVO, etc. En aquestes produccions m\u2019he ocupat de la realitzaci\u00f3 multic\u00e0mera, el gui\u00f3, el muntatge, l\u2019animaci\u00f3 convencional i infogr\u00e0fica, l\u2019operaci\u00f3 de c\u00e0meres&#8230;<\/p>\n<p>He estat cap de programes de Lleida TV, fent-me c\u00e0rrec de la producci\u00f3 dels programes nous i la gesti\u00f3 de la graella d&#8217;emissi\u00f3.<\/p>\n<p style=\"text-align: center;\">\n","protected":false},"excerpt":{"rendered":"<p>En v\u00eddeo he fet gaireb\u00e9 de tot: vaig comen\u00e7ar en el terreny industrial fent treballs per empreses com&nbsp; BAYER, FESTO, JAEGER, GENERALITAT DE CATALUNYA, SOLEX, MARPOSS, FERRER INTERNACIONAL, AYUNTAMIENTO DE SAN SEBASTIAN, VICEVERSA\/LEACRIL, BANCO ATLANTICO, EDITORIAL PLANETA, HISPACOP, SANOFI, M&amp;E FLAMINGO, LA VANGUARDIA, EL MUNDO DEPORTIVO, etc. En aquestes produccions [&hellip;]<\/p>\n","protected":false},"author":2,"featured_media":354,"parent":0,"menu_order":1,"comment_status":"closed","ping_status":"closed","template":"","meta":[],"_links":{"self":[{"href":"http:\/\/www.peporiol.com\/index.php?rest_route=\/wp\/v2\/pages\/352"}],"collection":[{"href":"http:\/\/www.peporiol.com\/index.php?rest_route=\/wp\/v2\/pages"}],"about":[{"href":"http:\/\/www.peporiol.com\/index.php?rest_route=\/wp\/v2\/types\/page"}],"author":[{"embeddable":true,"href":"http:\/\/www.peporiol.com\/index.php?rest_route=\/wp\/v2\/users\/2"}],"replies":[{"embeddable":true,"href":"http:\/\/www.peporiol.com\/index.php?rest_route=%2Fwp%2Fv2%2Fcomments&post=352"}],"version-history":[{"count":12,"href":"http:\/\/www.peporiol.com\/index.php?rest_route=\/wp\/v2\/pages\/352\/revisions"}],"predecessor-version":[{"id":1801,"href":"http:\/\/www.peporiol.com\/index.php?rest_route=\/wp\/v2\/pages\/352\/revisions\/1801"}],"wp:featuredmedia":[{"embeddable":true,"href":"http:\/\/www.peporiol.com\/index.php?rest_route=\/wp\/v2\/media\/354"}],"wp:attachment":[{"href":"http:\/\/www.peporiol.com\/index.php?rest_route=%2Fwp%2Fv2%2Fmedia&parent=352"}],"curies":[{"name":"wp","href":"https:\/\/api.w.org\/{rel}","templated":true}]}}