{"id":150,"date":"2015-07-07T12:19:32","date_gmt":"2015-07-07T10:19:32","guid":{"rendered":"http:\/\/www.peporiol.com\/?page_id=150"},"modified":"2015-08-07T12:49:47","modified_gmt":"2015-08-07T10:49:47","slug":"cami-ral","status":"publish","type":"page","link":"https:\/\/www.peporiol.com\/?page_id=150","title":{"rendered":"CINEMA"},"content":{"rendered":"<p>CAMI RAL<\/p>\n<p>Cam\u00ed Ral \u00a0&#8211;\u00a0de Barcelona a Madrid\u00a0&#8211;\u00a0va ser un enc\u00e0rrec del <a title=\"http:\/\/www.museudecervera.cat\/start.htm\" href=\"http:\/\/www.museudecervera.cat\/start.htm\" target=\"_blank\">MUSEU COMARCAL DE CERVERA,<\/a> per posar en context una exposici\u00f3 sobre la Universitat de Cervera dins els actes del Tricentenari de la Guerra de Successi\u00f3. Es va rodar amb c\u00e0meres de cinema\u00a0digital i es va postproduir per a cinema.<\/p>\n<p class=\"paragraph_style\">La p\u00e0gina del <a title=\"http:\/\/www.museudecervera.cat\/start.htm\" href=\"http:\/\/www.museudecervera.cat\/start.htm\" target=\"_blank\">Museu Comarcal de Cervera<\/a> defineix aquesta producci\u00f3 com <span class=\"style\">una petita hist\u00f2ria del perqu\u00e8 i com la ciutat de Cervera va acollir la construcci\u00f3 de la Universitat a trav\u00e9s dels ulls d\u2019un viatger angl\u00e8s que \u201cinterroga\u201d diferents personatges cerverins: la rebuda del Marqu\u00e9s de Capmany a la Paeria, l&#8217;hostalatge a casa de l\u2019amic Josep Vega, el passeig amb el canceller Dou per la Universitat o l\u2019estada distesa a la taverna de la Nasa Tabaco&#8230;<\/span><\/p>\n<p class=\"paragraph_style\">Pel que fa a l\u2019equip que el va realitzar es tractava d\u2019una producci\u00f3\u00a0en la que experimentar amb les c\u00e0meres de cinema digital i les possibilitats d\u2019obtenir imatges en entorns il\u00b7luminats d\u2019una forma molt natural. De fet nom\u00e9s es van utilitzar plafons de led\u2019s per refor\u00e7ar algun ambient i la resta era la llum que an\u00e0vem trobant a cada lloc. L\u2019escena de la taverna est\u00e0 il\u00b7luminada exclusivament amb espelmes. Despr\u00e9s es va fer color amb Mistika i postproducci\u00f3 d&#8217;\u00e0udio al complex MAGICAL.<\/p>\n\r\n\t<div class=\"slideshow_container slideshow_container_style-light\" style=\"height: 640px; \" data-slideshow-id=\"152\" data-style-name=\"style-light\" data-style-version=\"2.3.1\" >\r\n\r\n\t\t\t\t\t<div class=\"slideshow_loading_icon\"><\/div>\r\n\t\t\r\n\t\t<div class=\"slideshow_content\" style=\"display: none;\">\r\n\r\n\t\t\t<div class=\"slideshow_view\">\r\n\t\t\t\t<div class=\"slideshow_slide slideshow_slide_image\">\r\n\t\t\t\t\t\t\t\t\t\t\t<img src=\"https:\/\/www.peporiol.com\/wp-content\/uploads\/Entrada__16031_missatges__30_no_llegits_-2.jpg\" alt=\"Menjador Cam\u00ed Ral\" width=\"993\" height=\"655\" \/>\r\n\t\t\t\t\t\t\t\t\t\t<div class=\"slideshow_description_box slideshow_transparent\">\r\n\t\t\t\t\t\t<div class=\"slideshow_title\">Menjador Cam\u00ed Ral<\/div>\t\t\t\t\t\t\t\t\t\t\t<\/div>\r\n\t\t\t\t<\/div>\r\n\r\n\t\t\t\t\t\t<div style=\"clear: both;\"><\/div><\/div><div class=\"slideshow_view\">\r\n\t\t\t\t<div class=\"slideshow_slide slideshow_slide_image\">\r\n\t\t\t\t\t\t\t\t\t\t\t<img src=\"https:\/\/www.peporiol.com\/wp-content\/uploads\/A014_C053_0118BA.0001348.jpg\" alt=\"CASA DALMASES - TABERNA\" width=\"4096\" height=\"2304\" \/>\r\n\t\t\t\t\t\t\t\t\t\t<div class=\"slideshow_description_box slideshow_transparent\">\r\n\t\t\t\t\t\t<div class=\"slideshow_title\">CASA DALMASES - TABERNA<\/div>\t\t\t\t\t\t\t\t\t\t\t<\/div>\r\n\t\t\t\t<\/div>\r\n\r\n\t\t\t\t\t\t<div style=\"clear: both;\"><\/div><\/div><div class=\"slideshow_view\">\r\n\t\t\t\t<div class=\"slideshow_slide slideshow_slide_image\">\r\n\t\t\t\t\t\t\t\t\t\t\t<img src=\"https:\/\/www.peporiol.com\/wp-content\/uploads\/JAUME-CARBONELL-CASA-DURAN.jpg\" alt=\"JAUME CARBONELL - CASA DURAN\" width=\"1280\" height=\"720\" \/>\r\n\t\t\t\t\t\t\t\t\t\t<div class=\"slideshow_description_box slideshow_transparent\">\r\n\t\t\t\t\t\t<div class=\"slideshow_title\">JAUME CARBONELL - CASA DURAN<\/div>\t\t\t\t\t\t\t\t\t\t\t<\/div>\r\n\t\t\t\t<\/div>\r\n\r\n\t\t\t\t\t\t<div style=\"clear: both;\"><\/div><\/div><div class=\"slideshow_view\">\r\n\t\t\t\t<div class=\"slideshow_slide slideshow_slide_image\">\r\n\t\t\t\t\t\t\t\t\t\t\t<img src=\"https:\/\/www.peporiol.com\/wp-content\/uploads\/CASA-DURAN.jpg\" alt=\"CASA DURAN\" width=\"1280\" height=\"720\" \/>\r\n\t\t\t\t\t\t\t\t\t\t<div class=\"slideshow_description_box slideshow_transparent\">\r\n\t\t\t\t\t\t<div class=\"slideshow_title\">CASA DURAN<\/div>\t\t\t\t\t\t\t\t\t\t\t<\/div>\r\n\t\t\t\t<\/div>\r\n\r\n\t\t\t\t\t\t<div style=\"clear: both;\"><\/div><\/div><div class=\"slideshow_view\">\r\n\t\t\t\t<div class=\"slideshow_slide slideshow_slide_image\">\r\n\t\t\t\t\t\t\t\t\t\t\t<img src=\"https:\/\/www.peporiol.com\/wp-content\/uploads\/CASA-DALMASES-TABERNA-C.jpg\" alt=\"CASA DALMASES - TABERNA C\" width=\"1280\" height=\"850\" \/>\r\n\t\t\t\t\t\t\t\t\t\t<div class=\"slideshow_description_box slideshow_transparent\">\r\n\t\t\t\t\t\t<div class=\"slideshow_title\">CASA DALMASES - TABERNA C<\/div>\t\t\t\t\t\t\t\t\t\t\t<\/div>\r\n\t\t\t\t<\/div>\r\n\r\n\t\t\t\t\t\t<div style=\"clear: both;\"><\/div><\/div><div class=\"slideshow_view\">\r\n\t\t\t\t<div class=\"slideshow_slide slideshow_slide_image\">\r\n\t\t\t\t\t\t\t\t\t\t\t<img src=\"https:\/\/www.peporiol.com\/wp-content\/uploads\/CASA-DALMASES-PAERIA.jpg\" alt=\"CASA DALMASES -PAERIA\" width=\"1280\" height=\"850\" \/>\r\n\t\t\t\t\t\t\t\t\t\t<div class=\"slideshow_description_box slideshow_transparent\">\r\n\t\t\t\t\t\t<div class=\"slideshow_title\">CASA DALMASES -PAERIA<\/div>\t\t\t\t\t\t\t\t\t\t\t<\/div>\r\n\t\t\t\t<\/div>\r\n\r\n\t\t\t\t\t\t<div style=\"clear: both;\"><\/div><\/div><div class=\"slideshow_view\">\r\n\t\t\t\t<div class=\"slideshow_slide slideshow_slide_image\">\r\n\t\t\t\t\t\t\t\t\t\t\t<img src=\"https:\/\/www.peporiol.com\/wp-content\/uploads\/DSC_0209.jpg\" alt=\"STA MARIA\" width=\"4288\" height=\"2848\" \/>\r\n\t\t\t\t\t\t\t\t\t\t<div class=\"slideshow_description_box slideshow_transparent\">\r\n\t\t\t\t\t\t<div class=\"slideshow_title\">STA MARIA<\/div>\t\t\t\t\t\t\t\t\t\t\t<\/div>\r\n\t\t\t\t<\/div>\r\n\r\n\t\t\t\t\t\t<div style=\"clear: both;\"><\/div><\/div><div class=\"slideshow_view\">\r\n\t\t\t\t<div class=\"slideshow_slide slideshow_slide_image\">\r\n\t\t\t\t\t\t\t\t\t\t\t<img src=\"https:\/\/www.peporiol.com\/wp-content\/uploads\/DSC_0236.jpg\" alt=\"STA MARIA B\" width=\"4288\" height=\"2848\" \/>\r\n\t\t\t\t\t\t\t\t\t\t<div class=\"slideshow_description_box slideshow_transparent\">\r\n\t\t\t\t\t\t<div class=\"slideshow_title\">STA MARIA B<\/div>\t\t\t\t\t\t\t\t\t\t\t<\/div>\r\n\t\t\t\t<\/div>\r\n\r\n\t\t\t\t\t\t<div style=\"clear: both;\"><\/div><\/div><div class=\"slideshow_view\">\r\n\t\t\t\t<div class=\"slideshow_slide slideshow_slide_image\">\r\n\t\t\t\t\t\t\t\t\t\t\t<img src=\"https:\/\/www.peporiol.com\/wp-content\/uploads\/DSC_0269.jpg\" alt=\"VOLTANTS DE STA MARIA\" width=\"4288\" height=\"2848\" \/>\r\n\t\t\t\t\t\t\t\t\t\t<div class=\"slideshow_description_box slideshow_transparent\">\r\n\t\t\t\t\t\t<div class=\"slideshow_title\">VOLTANTS DE STA MARIA<\/div>\t\t\t\t\t\t\t\t\t\t\t<\/div>\r\n\t\t\t\t<\/div>\r\n\r\n\t\t\t\t\t\t<div style=\"clear: both;\"><\/div><\/div><div class=\"slideshow_view\">\r\n\t\t\t\t<div class=\"slideshow_slide slideshow_slide_image\">\r\n\t\t\t\t\t\t\t\t\t\t\t<img src=\"https:\/\/www.peporiol.com\/wp-content\/uploads\/DSC_0317.jpg\" alt=\"PATIS DE LA UNIVERSITAT B\" width=\"2848\" height=\"4288\" \/>\r\n\t\t\t\t\t\t\t\t\t\t<div class=\"slideshow_description_box slideshow_transparent\">\r\n\t\t\t\t\t\t<div class=\"slideshow_title\">PATIS DE LA UNIVERSITAT B<\/div>\t\t\t\t\t\t\t\t\t\t\t<\/div>\r\n\t\t\t\t<\/div>\r\n\r\n\t\t\t\t\t\t<div style=\"clear: both;\"><\/div><\/div><div class=\"slideshow_view\">\r\n\t\t\t\t<div class=\"slideshow_slide slideshow_slide_image\">\r\n\t\t\t\t\t\t\t\t\t\t\t<img src=\"https:\/\/www.peporiol.com\/wp-content\/uploads\/DSC_0446.jpg\" alt=\"CASA DALMASES - TABERNA B\" width=\"4288\" height=\"2848\" \/>\r\n\t\t\t\t\t\t\t\t\t\t<div class=\"slideshow_description_box slideshow_transparent\">\r\n\t\t\t\t\t\t<div class=\"slideshow_title\">CASA DALMASES - TABERNA B<\/div>\t\t\t\t\t\t\t\t\t\t\t<\/div>\r\n\t\t\t\t<\/div>\r\n\r\n\t\t\t\t\t\t<div style=\"clear: both;\"><\/div><\/div><div class=\"slideshow_view\">\r\n\t\t\t\t<div class=\"slideshow_slide slideshow_slide_image\">\r\n\t\t\t\t\t\t\t\t\t\t\t<img src=\"https:\/\/www.peporiol.com\/wp-content\/uploads\/PATIS-DE-LA-UNIVERSITAT.jpg\" alt=\"PATIS DE LA UNIVERSITAT\" width=\"1280\" height=\"850\" \/>\r\n\t\t\t\t\t\t\t\t\t\t<div class=\"slideshow_description_box slideshow_transparent\">\r\n\t\t\t\t\t\t<div class=\"slideshow_title\">PATIS DE LA UNIVERSITAT<\/div>\t\t\t\t\t\t\t\t\t\t\t<\/div>\r\n\t\t\t\t<\/div>\r\n\r\n\t\t\t\t\t\t<div style=\"clear: both;\"><\/div><\/div><div class=\"slideshow_view\">\r\n\t\t\t\t<div class=\"slideshow_slide slideshow_slide_image\">\r\n\t\t\t\t\t\t\t\t\t\t\t<img src=\"https:\/\/www.peporiol.com\/wp-content\/uploads\/DSC_0567.jpg\" alt=\"CASA DURAN - DINAR\" width=\"4062\" height=\"2848\" \/>\r\n\t\t\t\t\t\t\t\t\t\t<div class=\"slideshow_description_box slideshow_transparent\">\r\n\t\t\t\t\t\t<div class=\"slideshow_title\">CASA DURAN - DINAR<\/div>\t\t\t\t\t\t\t\t\t\t\t<\/div>\r\n\t\t\t\t<\/div>\r\n\r\n\t\t\t\t\t\t<div style=\"clear: both;\"><\/div><\/div>\r\n\t\t<\/div>\r\n\r\n\t\t<div class=\"slideshow_controlPanel slideshow_transparent\" style=\"display: none;\"><ul><li class=\"slideshow_togglePlay\" data-play-text=\"Reprodueix\" data-pause-text=\"Pausa\"><\/li><\/ul><\/div>\r\n\r\n\t\t<div class=\"slideshow_button slideshow_previous slideshow_transparent\" role=\"button\" data-previous-text=\"Anterior\" style=\"display: none;\"><\/div>\r\n\t\t<div class=\"slideshow_button slideshow_next slideshow_transparent\" role=\"button\" data-next-text=\"Seg\u00fcent\" style=\"display: none;\"><\/div>\r\n\r\n\t\t<div class=\"slideshow_pagination\" style=\"display: none;\" data-go-to-text=\"V\u00e9s a la diapositiva\"><div class=\"slideshow_pagination_center\"><\/div><\/div>\r\n\r\n\t\t<!-- WordPress Slideshow Version 2.3.1 -->\r\n\r\n\t\t\t<\/div>\r\n\r\n\n<p><iframe loading=\"lazy\" src=\"https:\/\/player.vimeo.com\/video\/91744623\" width=\"1200\" height=\"675\" frameborder=\"0\" title=\"CAMI RAL DIST\" webkitallowfullscreen mozallowfullscreen allowfullscreen><\/iframe><\/p>\n","protected":false},"excerpt":{"rendered":"<p>CAMI RAL Cam\u00ed Ral \u00a0&#8211;\u00a0de Barcelona a Madrid\u00a0&#8211;\u00a0va ser un enc\u00e0rrec del MUSEU COMARCAL DE CERVERA, per posar en context una exposici\u00f3 sobre la Universitat de Cervera dins els actes del Tricentenari de la Guerra de Successi\u00f3. Es va rodar amb c\u00e0meres de cinema\u00a0digital i es va postproduir per a [&hellip;]<\/p>\n","protected":false},"author":2,"featured_media":137,"parent":134,"menu_order":1,"comment_status":"closed","ping_status":"closed","template":"","meta":[],"_links":{"self":[{"href":"https:\/\/www.peporiol.com\/index.php?rest_route=\/wp\/v2\/pages\/150"}],"collection":[{"href":"https:\/\/www.peporiol.com\/index.php?rest_route=\/wp\/v2\/pages"}],"about":[{"href":"https:\/\/www.peporiol.com\/index.php?rest_route=\/wp\/v2\/types\/page"}],"author":[{"embeddable":true,"href":"https:\/\/www.peporiol.com\/index.php?rest_route=\/wp\/v2\/users\/2"}],"replies":[{"embeddable":true,"href":"https:\/\/www.peporiol.com\/index.php?rest_route=%2Fwp%2Fv2%2Fcomments&post=150"}],"version-history":[{"count":11,"href":"https:\/\/www.peporiol.com\/index.php?rest_route=\/wp\/v2\/pages\/150\/revisions"}],"predecessor-version":[{"id":1376,"href":"https:\/\/www.peporiol.com\/index.php?rest_route=\/wp\/v2\/pages\/150\/revisions\/1376"}],"up":[{"embeddable":true,"href":"https:\/\/www.peporiol.com\/index.php?rest_route=\/wp\/v2\/pages\/134"}],"wp:featuredmedia":[{"embeddable":true,"href":"https:\/\/www.peporiol.com\/index.php?rest_route=\/wp\/v2\/media\/137"}],"wp:attachment":[{"href":"https:\/\/www.peporiol.com\/index.php?rest_route=%2Fwp%2Fv2%2Fmedia&parent=150"}],"curies":[{"name":"wp","href":"https:\/\/api.w.org\/{rel}","templated":true}]}}