{"id":531,"date":"2015-07-13T20:06:40","date_gmt":"2015-07-13T18:06:40","guid":{"rendered":"http:\/\/www.peporiol.com\/?page_id=531"},"modified":"2015-08-07T13:34:13","modified_gmt":"2015-08-07T11:34:13","slug":"doblatge-i-so","status":"publish","type":"page","link":"https:\/\/www.peporiol.com\/?page_id=531","title":{"rendered":"DOBLATGE I SO"},"content":{"rendered":"<p>El 1984 l\u2019empresa TRAM, on vaig comen\u00e7ar la meva experi\u00e8ncia professional, va contractar el doblatge d\u2019un paquet de pel\u00b7l\u00edcules pel mercat de v\u00eddeo dom\u00e8stic. La meva experi\u00e8ncia en el camp del so es limitava llavors a dos anys a RADIO CADENA ESPANYOLA fent setmanalment un musical amb autocontrol i de t\u00e8cnic en un informatiu en directe. Vaig aprofitar l\u2019ocasi\u00f3 per introduir-me, com a t\u00e8cnic de so, en el camp del doblatge i la sonoritzaci\u00f3 sincr\u00f2nica.<br \/>\nPosteriorment, ja a CAN BRUIXA, empresa en la que tenia una participaci\u00f3, ens varem introduir en el mercat de la televisi\u00f3 fent una bona part de la producci\u00f3 del desaparegut CANAL 10.<br \/>\nDes de llavors, he fet la producci\u00f3 i la direcci\u00f3 t\u00e8cnica de pel\u00b7l\u00edcules per TV3, Antena 3, Canal +, Tele 5, Canal 9 i TV Gal\u00edcia. Treballs de publicitat per MCCANN ERICSON i SOLANA\/CID \u2013amb aquest \u00faltim obtingu\u00e9rem el premi del Festival de Cinema Publicitari de San Sebasti\u00e1n per la pel\u00b7l\u00edcula &#8220;El Oso&#8221; de Santa Luc\u00eda. La meva experi\u00e8ncia en so sincr\u00f2nic es basa, avui, en la producci\u00f3 i la direcci\u00f3 t\u00e8cnica de m\u00e9s de 1000 hores entre pel\u00b7l\u00edcules i s\u00e8ries des de la presa de di\u00e0legs fins a la reconstrucci\u00f3 de la m\u00fasica, els efectes i la mescla final multipista; al qual podia afegir un bon coneixement del col\u00b7lectiu de veus de Barcelona. Les caracter\u00edstiques de l\u2019estudi feien dif\u00edcil el doblatge per cinema (35 m\/m) i nom\u00e9s n&#8217;he doblat una: &#8220;CORAZON DE MEDIANOCHE&#8221; per IVEX FILMS \u2013 guanyadora del Festival de Cinema de Sitges l\u2019any 1990 .<br \/>\nEls serveis de doblatge van proporcionar tamb\u00e9 la subtitulaci\u00f3 d\u2019un volumin\u00f3s treball per la col\u00b7lecci\u00f3 d\u2019\u00f2peres de PLANETA DE AGOSTINI de la qual vaig realitzar personalment la preproducci\u00f3 i els primers t\u00edtols.<br \/>\nLa necessitat de restaurar les bandes de m\u00fasica i efectes de les pel\u00b7l\u00edcules va incorporar a la tecnologia de l\u2019estudi els instruments MIDI: els sintetitzadors, les caixes de ritmes i els samplers. L\u2019enc\u00e0rrec de m\u00fasica per un espot em va permetre entrar en relaci\u00f3 amb el m\u00f3n de la m\u00fasica i els m\u00fasics per fer la producci\u00f3 de temes per el MUSEU D&#8217;ART DE CATALUNYA, FIRA DE BARCELONA, GENERALITAT DE CATALUNYA, PULLIGAN, FONT VELLA, SOLANA\/CID, ARTIACH, etc. D\u2019aquestes produccions puc aportar experi\u00e8ncia en producci\u00f3 de m\u00fasica, manipulaci\u00f3 digital de so, instruments electr\u00f2nics, enregistrament amb seq\u00fcenciadors i multipistes digitals. L\u2019any 1999 vaig fer la producci\u00f3 del CD amb la m\u00fasica, obra de Xesco Grau, de l\u2019espectacle AQUELARRE estrenada a Cervera el 28 d\u2019agost de 1999. L\u2019any 2002 la del disc d\u2019Amadeu Pip\u00f3 \u201cEs aqu\u00ed on va la lletra?\u201d I el 2003 la producci\u00f3 de la m\u00fasica de l\u2019espectacle \u201cNosferatu\u201d, tamb\u00e9 de Xesco Grau.<\/p>\n<hr \/>\n<p><strong>\u00c9S AQU\u00cd ON VA LA LLETRA (Amadeu Pip\u00f3) &#8211; ESPECTACLE AQUELARRE<\/strong><\/p>\n\r\n\t<div class=\"slideshow_container slideshow_container_style-light\" style=\"height: 640px; \" data-slideshow-id=\"550\" data-style-name=\"style-light\" data-style-version=\"2.3.1\" >\r\n\r\n\t\t\t\t\t<div class=\"slideshow_loading_icon\"><\/div>\r\n\t\t\r\n\t\t<div class=\"slideshow_content\" style=\"display: none;\">\r\n\r\n\t\t\t<div class=\"slideshow_view\">\r\n\t\t\t\t<div class=\"slideshow_slide slideshow_slide_image\">\r\n\t\t\t\t\t\t\t\t\t\t\t<img src=\"https:\/\/www.peporiol.com\/wp-content\/uploads\/2001-01.jpg\" alt=\"2001-01\" width=\"375\" height=\"256\" \/>\r\n\t\t\t\t\t\t\t\t\t\t<div class=\"slideshow_description_box slideshow_transparent\">\r\n\t\t\t\t\t\t<div class=\"slideshow_title\">2001-01<\/div>\t\t\t\t\t\t\t\t\t\t\t<\/div>\r\n\t\t\t\t<\/div>\r\n\r\n\t\t\t\t\t\t<div style=\"clear: both;\"><\/div><\/div><div class=\"slideshow_view\">\r\n\t\t\t\t<div class=\"slideshow_slide slideshow_slide_image\">\r\n\t\t\t\t\t\t\t\t\t\t\t<img src=\"https:\/\/www.peporiol.com\/wp-content\/uploads\/2001-02.jpg\" alt=\"2001-02\" width=\"375\" height=\"255\" \/>\r\n\t\t\t\t\t\t\t\t\t\t<div class=\"slideshow_description_box slideshow_transparent\">\r\n\t\t\t\t\t\t<div class=\"slideshow_title\">2001-02<\/div>\t\t\t\t\t\t\t\t\t\t\t<\/div>\r\n\t\t\t\t<\/div>\r\n\r\n\t\t\t\t\t\t<div style=\"clear: both;\"><\/div><\/div><div class=\"slideshow_view\">\r\n\t\t\t\t<div class=\"slideshow_slide slideshow_slide_image\">\r\n\t\t\t\t\t\t\t\t\t\t\t<img src=\"https:\/\/www.peporiol.com\/wp-content\/uploads\/2001-04.jpg\" alt=\"2001-04\" width=\"375\" height=\"252\" \/>\r\n\t\t\t\t\t\t\t\t\t\t<div class=\"slideshow_description_box slideshow_transparent\">\r\n\t\t\t\t\t\t<div class=\"slideshow_title\">2001-04<\/div>\t\t\t\t\t\t\t\t\t\t\t<\/div>\r\n\t\t\t\t<\/div>\r\n\r\n\t\t\t\t\t\t<div style=\"clear: both;\"><\/div><\/div><div class=\"slideshow_view\">\r\n\t\t\t\t<div class=\"slideshow_slide slideshow_slide_image\">\r\n\t\t\t\t\t\t\t\t\t\t\t<img src=\"https:\/\/www.peporiol.com\/wp-content\/uploads\/2001-07.jpg\" alt=\"2001-07\" width=\"375\" height=\"255\" \/>\r\n\t\t\t\t\t\t\t\t\t\t<div class=\"slideshow_description_box slideshow_transparent\">\r\n\t\t\t\t\t\t<div class=\"slideshow_title\">2001-07<\/div>\t\t\t\t\t\t\t\t\t\t\t<\/div>\r\n\t\t\t\t<\/div>\r\n\r\n\t\t\t\t\t\t<div style=\"clear: both;\"><\/div><\/div><div class=\"slideshow_view\">\r\n\t\t\t\t<div class=\"slideshow_slide slideshow_slide_image\">\r\n\t\t\t\t\t\t\t\t\t\t\t<img src=\"https:\/\/www.peporiol.com\/wp-content\/uploads\/2001-05.jpg\" alt=\"2001-05\" width=\"375\" height=\"251\" \/>\r\n\t\t\t\t\t\t\t\t\t\t<div class=\"slideshow_description_box slideshow_transparent\">\r\n\t\t\t\t\t\t<div class=\"slideshow_title\">2001-05<\/div>\t\t\t\t\t\t\t\t\t\t\t<\/div>\r\n\t\t\t\t<\/div>\r\n\r\n\t\t\t\t\t\t<div style=\"clear: both;\"><\/div><\/div><div class=\"slideshow_view\">\r\n\t\t\t\t<div class=\"slideshow_slide slideshow_slide_image\">\r\n\t\t\t\t\t\t\t\t\t\t\t<img src=\"https:\/\/www.peporiol.com\/wp-content\/uploads\/2001-09.jpg\" alt=\"2001-09\" width=\"375\" height=\"252\" \/>\r\n\t\t\t\t\t\t\t\t\t\t<div class=\"slideshow_description_box slideshow_transparent\">\r\n\t\t\t\t\t\t<div class=\"slideshow_title\">2001-09<\/div>\t\t\t\t\t\t\t\t\t\t\t<\/div>\r\n\t\t\t\t<\/div>\r\n\r\n\t\t\t\t\t\t<div style=\"clear: both;\"><\/div><\/div><div class=\"slideshow_view\">\r\n\t\t\t\t<div class=\"slideshow_slide slideshow_slide_image\">\r\n\t\t\t\t\t\t\t\t\t\t\t<img src=\"https:\/\/www.peporiol.com\/wp-content\/uploads\/01-La-lletra-1-mp3-image.png\" alt=\"\" width=\"266\" height=\"266\" \/>\r\n\t\t\t\t\t\t\t\t\t\t<div class=\"slideshow_description_box slideshow_transparent\">\r\n\t\t\t\t\t\t\t\t\t\t\t\t\t\t\t\t\t<\/div>\r\n\t\t\t\t<\/div>\r\n\r\n\t\t\t\t\t\t<div style=\"clear: both;\"><\/div><\/div>\r\n\t\t<\/div>\r\n\r\n\t\t<div class=\"slideshow_controlPanel slideshow_transparent\" style=\"display: none;\"><ul><li class=\"slideshow_togglePlay\" data-play-text=\"Reprodueix\" data-pause-text=\"Pausa\"><\/li><\/ul><\/div>\r\n\r\n\t\t<div class=\"slideshow_button slideshow_previous slideshow_transparent\" role=\"button\" data-previous-text=\"Anterior\" style=\"display: none;\"><\/div>\r\n\t\t<div class=\"slideshow_button slideshow_next slideshow_transparent\" role=\"button\" data-next-text=\"Seg\u00fcent\" style=\"display: none;\"><\/div>\r\n\r\n\t\t<div class=\"slideshow_pagination\" style=\"display: none;\" data-go-to-text=\"V\u00e9s a la diapositiva\"><div class=\"slideshow_pagination_center\"><\/div><\/div>\r\n\r\n\t\t<!-- WordPress Slideshow Version 2.3.1 -->\r\n\r\n\t\t\t<\/div>\r\n\r\n\n<p>La lletra<\/p>\n<!--[if lt IE 9]><script>document.createElement('audio');<\/script><![endif]-->\n<audio class=\"wp-audio-shortcode\" id=\"audio-531-1\" preload=\"none\" style=\"width: 100%;\" controls=\"controls\"><source type=\"audio\/mpeg\" src=\"http:\/\/www.peporiol.com\/wp-content\/uploads\/01-La-lletra-1.mp3?_=1\" \/><a href=\"http:\/\/www.peporiol.com\/wp-content\/uploads\/01-La-lletra-1.mp3\">http:\/\/www.peporiol.com\/wp-content\/uploads\/01-La-lletra-1.mp3<\/a><\/audio>\n<p>Un pels nervis<\/p>\n<audio class=\"wp-audio-shortcode\" id=\"audio-531-2\" preload=\"none\" style=\"width: 100%;\" controls=\"controls\"><source type=\"audio\/mpeg\" src=\"http:\/\/www.peporiol.com\/wp-content\/uploads\/03-Un-pels-nervis-1.mp3?_=2\" \/><a href=\"http:\/\/www.peporiol.com\/wp-content\/uploads\/03-Un-pels-nervis-1.mp3\">http:\/\/www.peporiol.com\/wp-content\/uploads\/03-Un-pels-nervis-1.mp3<\/a><\/audio>\n<p>Ets la reina<\/p>\n<audio class=\"wp-audio-shortcode\" id=\"audio-531-3\" preload=\"none\" style=\"width: 100%;\" controls=\"controls\"><source type=\"audio\/mpeg\" src=\"http:\/\/www.peporiol.com\/wp-content\/uploads\/06-Ets-la-reina-1.mp3?_=3\" \/><a href=\"http:\/\/www.peporiol.com\/wp-content\/uploads\/06-Ets-la-reina-1.mp3\">http:\/\/www.peporiol.com\/wp-content\/uploads\/06-Ets-la-reina-1.mp3<\/a><\/audio>\n<p>Feu-li pas<\/p>\n<audio class=\"wp-audio-shortcode\" id=\"audio-531-4\" preload=\"none\" style=\"width: 100%;\" controls=\"controls\"><source type=\"audio\/mpeg\" src=\"http:\/\/www.peporiol.com\/wp-content\/uploads\/08-Feu-li-pas-1.mp3?_=4\" \/><a href=\"http:\/\/www.peporiol.com\/wp-content\/uploads\/08-Feu-li-pas-1.mp3\">http:\/\/www.peporiol.com\/wp-content\/uploads\/08-Feu-li-pas-1.mp3<\/a><\/audio>\n<p>&nbsp;<\/p>\n<hr \/>\n<p><strong><a href=\"http:\/\/www.peporiol.com\/?p=1052\">NOSFERATU<\/a> (Xesco Grau) ESPECTACLE<\/strong><\/p>\n<p>&nbsp;<\/p>\n<audio class=\"wp-audio-shortcode\" id=\"audio-531-5\" preload=\"none\" style=\"width: 100%;\" controls=\"controls\"><source type=\"audio\/mpeg\" src=\"http:\/\/www.peporiol.com\/wp-content\/uploads\/escena15.mp3?_=5\" \/><a href=\"http:\/\/www.peporiol.com\/wp-content\/uploads\/escena15.mp3\">http:\/\/www.peporiol.com\/wp-content\/uploads\/escena15.mp3<\/a><\/audio>\n<audio class=\"wp-audio-shortcode\" id=\"audio-531-6\" preload=\"none\" style=\"width: 100%;\" controls=\"controls\"><source type=\"audio\/mpeg\" src=\"http:\/\/www.peporiol.com\/wp-content\/uploads\/escena28.mp3?_=6\" \/><a href=\"http:\/\/www.peporiol.com\/wp-content\/uploads\/escena28.mp3\">http:\/\/www.peporiol.com\/wp-content\/uploads\/escena28.mp3<\/a><\/audio>\n<audio class=\"wp-audio-shortcode\" id=\"audio-531-7\" preload=\"none\" style=\"width: 100%;\" controls=\"controls\"><source type=\"audio\/mpeg\" src=\"http:\/\/www.peporiol.com\/wp-content\/uploads\/ENTERRO.mp3?_=7\" \/><a href=\"http:\/\/www.peporiol.com\/wp-content\/uploads\/ENTERRO.mp3\">http:\/\/www.peporiol.com\/wp-content\/uploads\/ENTERRO.mp3<\/a><\/audio>\n<p>&nbsp;<\/p>\n<p><a href=\"http:\/\/www.peporiol.com\/wp-content\/uploads\/332-3213_IMG.jpg\"><img loading=\"lazy\" class=\"alignnone wp-image-562 size-large\" src=\"http:\/\/www.peporiol.com\/wp-content\/uploads\/332-3213_IMG-1024x683.jpg\" alt=\"332-3213_IMG\" width=\"1024\" height=\"683\" srcset=\"https:\/\/www.peporiol.com\/wp-content\/uploads\/332-3213_IMG-1024x683.jpg 1024w, https:\/\/www.peporiol.com\/wp-content\/uploads\/332-3213_IMG-300x200.jpg 300w\" sizes=\"(max-width: 1024px) 100vw, 1024px\" \/><\/a><\/p>\n<p>&nbsp;<\/p>\n<p><a href=\"http:\/\/www.peporiol.com\/?page_id=16\"><!--more--><\/a><\/p>\n","protected":false},"excerpt":{"rendered":"<p>El 1984 l\u2019empresa TRAM, on vaig comen\u00e7ar la meva experi\u00e8ncia professional, va contractar el doblatge d\u2019un paquet de pel\u00b7l\u00edcules pel mercat de v\u00eddeo dom\u00e8stic. La meva experi\u00e8ncia en el camp del so es limitava llavors a dos anys a RADIO CADENA ESPANYOLA fent setmanalment un musical amb autocontrol i de [&hellip;]<\/p>\n","protected":false},"author":2,"featured_media":202,"parent":134,"menu_order":7,"comment_status":"closed","ping_status":"closed","template":"","meta":[],"_links":{"self":[{"href":"https:\/\/www.peporiol.com\/index.php?rest_route=\/wp\/v2\/pages\/531"}],"collection":[{"href":"https:\/\/www.peporiol.com\/index.php?rest_route=\/wp\/v2\/pages"}],"about":[{"href":"https:\/\/www.peporiol.com\/index.php?rest_route=\/wp\/v2\/types\/page"}],"author":[{"embeddable":true,"href":"https:\/\/www.peporiol.com\/index.php?rest_route=\/wp\/v2\/users\/2"}],"replies":[{"embeddable":true,"href":"https:\/\/www.peporiol.com\/index.php?rest_route=%2Fwp%2Fv2%2Fcomments&post=531"}],"version-history":[{"count":13,"href":"https:\/\/www.peporiol.com\/index.php?rest_route=\/wp\/v2\/pages\/531\/revisions"}],"predecessor-version":[{"id":1420,"href":"https:\/\/www.peporiol.com\/index.php?rest_route=\/wp\/v2\/pages\/531\/revisions\/1420"}],"up":[{"embeddable":true,"href":"https:\/\/www.peporiol.com\/index.php?rest_route=\/wp\/v2\/pages\/134"}],"wp:featuredmedia":[{"embeddable":true,"href":"https:\/\/www.peporiol.com\/index.php?rest_route=\/wp\/v2\/media\/202"}],"wp:attachment":[{"href":"https:\/\/www.peporiol.com\/index.php?rest_route=%2Fwp%2Fv2%2Fmedia&parent=531"}],"curies":[{"name":"wp","href":"https:\/\/api.w.org\/{rel}","templated":true}]}}