{"id":632,"date":"2015-07-15T19:06:43","date_gmt":"2015-07-15T17:06:43","guid":{"rendered":"http:\/\/www.peporiol.com\/?page_id=632"},"modified":"2015-08-07T12:58:19","modified_gmt":"2015-08-07T10:58:19","slug":"tv","status":"publish","type":"page","link":"https:\/\/www.peporiol.com\/?page_id=632","title":{"rendered":"TELEVISI\u00d3"},"content":{"rendered":"<p>Abans d\u2019entrar a <a href=\"http:\/\/www.segre.com\/lltv_inici.html\" target=\"_blank\">Lleida TV<\/a> havia intervingut en produccions de TV en diversos formats, per\u00f2 la intensitat i la varietat de continguts d\u2019aquesta emissora va ensenyar-me a produir sense pausa, i temporada rere temporada, fins que, una vegada estabilitzat el projecte, el deixo amb 9000 hores de producci\u00f3 pr\u00f2pia repartides en una vintena de programes fets per equips molt petits per\u00f2 amb una extraordin\u00e0ria\u00a0 capacitat de treball. La televisi\u00f3 local exigeix una activitat permanent, tant en l\u2019\u00e0mbit de la renovaci\u00f3 de continguts, molt limitada per la disponibilitat de recursos, com en l\u2019optimitzaci\u00f3 i manteniment de l\u2019equipament. La digitalitzaci\u00f3 del proc\u00e9s facilita la gesti\u00f3, per\u00f2 augmenta la depend\u00e8ncia inform\u00e0tica i, per tant, la necessitat d\u2019atenci\u00f3 als automatismes cada vegada m\u00e9s freq\u00fcents en aquest tipus d\u2019emissores.<\/p>\n<p>&nbsp;<\/p>\n<p><i>\r\n\t<div class=\"slideshow_container slideshow_container_style-light\" style=\"height: 640px; \" data-slideshow-id=\"619\" data-style-name=\"style-light\" data-style-version=\"2.3.1\" >\r\n\r\n\t\t\t\t\t<div class=\"slideshow_loading_icon\"><\/div>\r\n\t\t\r\n\t\t<div class=\"slideshow_content\" style=\"display: none;\">\r\n\r\n\t\t\t<div class=\"slideshow_view\">\r\n\t\t\t\t<div class=\"slideshow_slide slideshow_slide_image\">\r\n\t\t\t\t\t\t\t\t\t\t\t<img src=\"https:\/\/www.peporiol.com\/wp-content\/uploads\/image001octubre08.jpg\" alt=\"image001octubre08\" width=\"1000\" height=\"1000\" \/>\r\n\t\t\t\t\t\t\t\t\t\t<div class=\"slideshow_description_box slideshow_transparent\">\r\n\t\t\t\t\t\t<div class=\"slideshow_title\">image001octubre08<\/div>\t\t\t\t\t\t\t\t\t\t\t<\/div>\r\n\t\t\t\t<\/div>\r\n\r\n\t\t\t\t\t\t<div style=\"clear: both;\"><\/div><\/div><div class=\"slideshow_view\">\r\n\t\t\t\t<div class=\"slideshow_slide slideshow_slide_image\">\r\n\t\t\t\t\t\t\t\t\t\t\t<img src=\"https:\/\/www.peporiol.com\/wp-content\/uploads\/IMG_8815.jpg\" alt=\"IMG_8815\" width=\"4368\" height=\"2912\" \/>\r\n\t\t\t\t\t\t\t\t\t\t<div class=\"slideshow_description_box slideshow_transparent\">\r\n\t\t\t\t\t\t<div class=\"slideshow_title\">IMG_8815<\/div>\t\t\t\t\t\t\t\t\t\t\t<\/div>\r\n\t\t\t\t<\/div>\r\n\r\n\t\t\t\t\t\t<div style=\"clear: both;\"><\/div><\/div><div class=\"slideshow_view\">\r\n\t\t\t\t<div class=\"slideshow_slide slideshow_slide_image\">\r\n\t\t\t\t\t\t\t\t\t\t\t<img src=\"https:\/\/www.peporiol.com\/wp-content\/uploads\/DSC_9155.jpg\" alt=\"DSC_9155\" width=\"2240\" height=\"1488\" \/>\r\n\t\t\t\t\t\t\t\t\t\t<div class=\"slideshow_description_box slideshow_transparent\">\r\n\t\t\t\t\t\t<div class=\"slideshow_title\">DSC_9155<\/div>\t\t\t\t\t\t\t\t\t\t\t<\/div>\r\n\t\t\t\t<\/div>\r\n\r\n\t\t\t\t\t\t<div style=\"clear: both;\"><\/div><\/div><div class=\"slideshow_view\">\r\n\t\t\t\t<div class=\"slideshow_slide slideshow_slide_image\">\r\n\t\t\t\t\t\t\t\t\t\t\t<img src=\"https:\/\/www.peporiol.com\/wp-content\/uploads\/DSC_9159.jpg\" alt=\"DSC_9159\" width=\"2240\" height=\"1488\" \/>\r\n\t\t\t\t\t\t\t\t\t\t<div class=\"slideshow_description_box slideshow_transparent\">\r\n\t\t\t\t\t\t<div class=\"slideshow_title\">DSC_9159<\/div>\t\t\t\t\t\t\t\t\t\t\t<\/div>\r\n\t\t\t\t<\/div>\r\n\r\n\t\t\t\t\t\t<div style=\"clear: both;\"><\/div><\/div><div class=\"slideshow_view\">\r\n\t\t\t\t<div class=\"slideshow_slide slideshow_slide_image\">\r\n\t\t\t\t\t\t\t\t\t\t\t<img src=\"https:\/\/www.peporiol.com\/wp-content\/uploads\/IMG_8811.jpg\" alt=\"IMG_8811\" width=\"4368\" height=\"2912\" \/>\r\n\t\t\t\t\t\t\t\t\t\t<div class=\"slideshow_description_box slideshow_transparent\">\r\n\t\t\t\t\t\t<div class=\"slideshow_title\">IMG_8811<\/div>\t\t\t\t\t\t\t\t\t\t\t<\/div>\r\n\t\t\t\t<\/div>\r\n\r\n\t\t\t\t\t\t<div style=\"clear: both;\"><\/div><\/div><div class=\"slideshow_view\">\r\n\t\t\t\t<div class=\"slideshow_slide slideshow_slide_image\">\r\n\t\t\t\t\t\t\t\t\t\t\t<img src=\"https:\/\/www.peporiol.com\/wp-content\/uploads\/IMG_8836.jpg\" alt=\"IMG_8836\" width=\"4368\" height=\"2912\" \/>\r\n\t\t\t\t\t\t\t\t\t\t<div class=\"slideshow_description_box slideshow_transparent\">\r\n\t\t\t\t\t\t<div class=\"slideshow_title\">IMG_8836<\/div>\t\t\t\t\t\t\t\t\t\t\t<\/div>\r\n\t\t\t\t<\/div>\r\n\r\n\t\t\t\t\t\t<div style=\"clear: both;\"><\/div><\/div><div class=\"slideshow_view\">\r\n\t\t\t\t<div class=\"slideshow_slide slideshow_slide_image\">\r\n\t\t\t\t\t\t\t\t\t\t\t<img src=\"https:\/\/www.peporiol.com\/wp-content\/uploads\/IMG_8840.jpg\" alt=\"IMG_8840\" width=\"4368\" height=\"2912\" \/>\r\n\t\t\t\t\t\t\t\t\t\t<div class=\"slideshow_description_box slideshow_transparent\">\r\n\t\t\t\t\t\t<div class=\"slideshow_title\">IMG_8840<\/div>\t\t\t\t\t\t\t\t\t\t\t<\/div>\r\n\t\t\t\t<\/div>\r\n\r\n\t\t\t\t\t\t<div style=\"clear: both;\"><\/div><\/div><div class=\"slideshow_view\">\r\n\t\t\t\t<div class=\"slideshow_slide slideshow_slide_image\">\r\n\t\t\t\t\t\t\t\t\t\t\t<img src=\"https:\/\/www.peporiol.com\/wp-content\/uploads\/IMG_8882.jpg\" alt=\"IMG_8882\" width=\"4368\" height=\"2912\" \/>\r\n\t\t\t\t\t\t\t\t\t\t<div class=\"slideshow_description_box slideshow_transparent\">\r\n\t\t\t\t\t\t<div class=\"slideshow_title\">IMG_8882<\/div>\t\t\t\t\t\t\t\t\t\t\t<\/div>\r\n\t\t\t\t<\/div>\r\n\r\n\t\t\t\t\t\t<div style=\"clear: both;\"><\/div><\/div><div class=\"slideshow_view\">\r\n\t\t\t\t<div class=\"slideshow_slide slideshow_slide_image\">\r\n\t\t\t\t\t\t\t\t\t\t\t<img src=\"https:\/\/www.peporiol.com\/wp-content\/uploads\/agronoms1.jpg\" alt=\"agronoms1\" width=\"720\" height=\"576\" \/>\r\n\t\t\t\t\t\t\t\t\t\t<div class=\"slideshow_description_box slideshow_transparent\">\r\n\t\t\t\t\t\t<div class=\"slideshow_title\">agronoms1<\/div>\t\t\t\t\t\t\t\t\t\t\t<\/div>\r\n\t\t\t\t<\/div>\r\n\r\n\t\t\t\t\t\t<div style=\"clear: both;\"><\/div><\/div><div class=\"slideshow_view\">\r\n\t\t\t\t<div class=\"slideshow_slide slideshow_slide_image\">\r\n\t\t\t\t\t\t\t\t\t\t\t<img src=\"https:\/\/www.peporiol.com\/wp-content\/uploads\/banyetes.jpg\" alt=\"banyetes\" width=\"1637\" height=\"1403\" \/>\r\n\t\t\t\t\t\t\t\t\t\t<div class=\"slideshow_description_box slideshow_transparent\">\r\n\t\t\t\t\t\t<div class=\"slideshow_title\">banyetes<\/div>\t\t\t\t\t\t\t\t\t\t\t<\/div>\r\n\t\t\t\t<\/div>\r\n\r\n\t\t\t\t\t\t<div style=\"clear: both;\"><\/div><\/div><div class=\"slideshow_view\">\r\n\t\t\t\t<div class=\"slideshow_slide slideshow_slide_image\">\r\n\t\t\t\t\t\t\t\t\t\t\t<img src=\"https:\/\/www.peporiol.com\/wp-content\/uploads\/directe.jpg\" alt=\"directe\" width=\"272\" height=\"230\" \/>\r\n\t\t\t\t\t\t\t\t\t\t<div class=\"slideshow_description_box slideshow_transparent\">\r\n\t\t\t\t\t\t<div class=\"slideshow_title\">directe<\/div>\t\t\t\t\t\t\t\t\t\t\t<\/div>\r\n\t\t\t\t<\/div>\r\n\r\n\t\t\t\t\t\t<div style=\"clear: both;\"><\/div><\/div><div class=\"slideshow_view\">\r\n\t\t\t\t<div class=\"slideshow_slide slideshow_slide_image\">\r\n\t\t\t\t\t\t\t\t\t\t\t<img src=\"https:\/\/www.peporiol.com\/wp-content\/uploads\/lleida-activa.jpg\" alt=\"lleida activa\" width=\"720\" height=\"576\" \/>\r\n\t\t\t\t\t\t\t\t\t\t<div class=\"slideshow_description_box slideshow_transparent\">\r\n\t\t\t\t\t\t<div class=\"slideshow_title\">lleida activa<\/div>\t\t\t\t\t\t\t\t\t\t\t<\/div>\r\n\t\t\t\t<\/div>\r\n\r\n\t\t\t\t\t\t<div style=\"clear: both;\"><\/div><\/div>\r\n\t\t<\/div>\r\n\r\n\t\t<div class=\"slideshow_controlPanel slideshow_transparent\" style=\"display: none;\"><ul><li class=\"slideshow_togglePlay\" data-play-text=\"Reprodueix\" data-pause-text=\"Pausa\"><\/li><\/ul><\/div>\r\n\r\n\t\t<div class=\"slideshow_button slideshow_previous slideshow_transparent\" role=\"button\" data-previous-text=\"Anterior\" style=\"display: none;\"><\/div>\r\n\t\t<div class=\"slideshow_button slideshow_next slideshow_transparent\" role=\"button\" data-next-text=\"Seg\u00fcent\" style=\"display: none;\"><\/div>\r\n\r\n\t\t<div class=\"slideshow_pagination\" style=\"display: none;\" data-go-to-text=\"V\u00e9s a la diapositiva\"><div class=\"slideshow_pagination_center\"><\/div><\/div>\r\n\r\n\t\t<!-- WordPress Slideshow Version 2.3.1 -->\r\n\r\n\t\t\t<\/div>\r\n\r\n<\/i><\/p>\n<p>&nbsp;<\/p>\n<p class=\"Heading_2\"><strong>PRODUCCIONS ESPECIALS M\u00c9S RECENTS<\/strong><\/p>\n<p class=\"Sidebar_Title\">PASSAPARETS <em>\u00a0(TV3 &#8211; ANT\u00c0RTIDA)<\/em><\/p>\n<p class=\"Sidebar_Title\">NIT DE SANT JORDI <em>(LLEIDA TV)<\/em><\/p>\n<p class=\"Sidebar_Title\">ESPECIAL ELECCIONS MUNICIPALS 2007 <em>(LLEIDA TV)<\/em><\/p>\n<p class=\"Sidebar_Title\">GALES DE CAP D\u2019ANY 2005-06 <em>(LLEIDA TV)<\/em><\/p>\n<p class=\"Sidebar_Title\">ESPECIAL AQUELARRE 25 ANYS <em>(TVE)<\/em><\/p>\n<p class=\"Sidebar_Title\">GUIM DE LA PLANA <em>(ANT\u00c0RTIDA)<\/em><\/p>\n<p class=\"Sidebar_Title\">GALA MISS LLEIDA 2001 <em>(LLEIDA TV)<\/em><\/p>\n<p class=\"Sidebar_Title\">PROGRAMA INAUGURAL \u00a0<em>(LLEIDA TV)<\/em><\/p>\n<p class=\"Sidebar_Title\">PARQUES NACIONALES DE ESPA\u00d1A \u00a0<em>(PLANETA DE AGOSTINI)<\/em><\/p>\n<p class=\"Sidebar_Title\">PENITENCIAS Y DESENFRENOS \u00a0<em>(PLANETA DE AGOSTINI)<\/em><\/p>\n","protected":false},"excerpt":{"rendered":"<p>Abans d\u2019entrar a Lleida TV havia intervingut en produccions de TV en diversos formats, per\u00f2 la intensitat i la varietat de continguts d\u2019aquesta emissora va ensenyar-me a produir sense pausa, i temporada rere temporada, fins que, una vegada estabilitzat el projecte, el deixo amb 9000 hores de producci\u00f3 pr\u00f2pia repartides [&hellip;]<\/p>\n","protected":false},"author":2,"featured_media":625,"parent":134,"menu_order":2,"comment_status":"closed","ping_status":"closed","template":"","meta":[],"_links":{"self":[{"href":"https:\/\/www.peporiol.com\/index.php?rest_route=\/wp\/v2\/pages\/632"}],"collection":[{"href":"https:\/\/www.peporiol.com\/index.php?rest_route=\/wp\/v2\/pages"}],"about":[{"href":"https:\/\/www.peporiol.com\/index.php?rest_route=\/wp\/v2\/types\/page"}],"author":[{"embeddable":true,"href":"https:\/\/www.peporiol.com\/index.php?rest_route=\/wp\/v2\/users\/2"}],"replies":[{"embeddable":true,"href":"https:\/\/www.peporiol.com\/index.php?rest_route=%2Fwp%2Fv2%2Fcomments&post=632"}],"version-history":[{"count":7,"href":"https:\/\/www.peporiol.com\/index.php?rest_route=\/wp\/v2\/pages\/632\/revisions"}],"predecessor-version":[{"id":1416,"href":"https:\/\/www.peporiol.com\/index.php?rest_route=\/wp\/v2\/pages\/632\/revisions\/1416"}],"up":[{"embeddable":true,"href":"https:\/\/www.peporiol.com\/index.php?rest_route=\/wp\/v2\/pages\/134"}],"wp:featuredmedia":[{"embeddable":true,"href":"https:\/\/www.peporiol.com\/index.php?rest_route=\/wp\/v2\/media\/625"}],"wp:attachment":[{"href":"https:\/\/www.peporiol.com\/index.php?rest_route=%2Fwp%2Fv2%2Fmedia&parent=632"}],"curies":[{"name":"wp","href":"https:\/\/api.w.org\/{rel}","templated":true}]}}